{"id":109,"date":"2017-06-25T19:02:03","date_gmt":"2017-06-25T19:02:03","guid":{"rendered":"http:\/\/bundtestifte.de\/?page_id=109"},"modified":"2019-04-10T07:05:03","modified_gmt":"2019-04-10T07:05:03","slug":"projekte","status":"publish","type":"page","link":"https:\/\/bundtestifte.de\/?page_id=109","title":{"rendered":"\u00dcber uns"},"content":{"rendered":"\n<h2 class=\"wp-block-heading\">Gemeinsam k\u00f6nnen wir viel f\u00fcr unsere Schule erreichen!<\/h2>\n\n\n\n<p>Mit unserer Arbeit wollen wir das Leben und Lernen an der Grundschule und Gymnasium unterst\u00fctzen und bereichern.<\/p>\n\n\n\n<p>Wir akquirieren Mittel- und Sachspenden, koordinieren Arbeitseins\u00e4tze,  begleiten gemeinsam mit der Schule Veranstaltungen und die j\u00e4hrlichen  H\u00f6hepunkte: z.B. das Sommerfest, das Herbstfest mit dem Spendenlauf und den Weihnachtsmarkt.<\/p>\n\n\n\n<p>Wer hat Lust und Zeit uns in unserer Arbeit als aktives Mitglied zu unterst\u00fctzen?<\/p>\n\n\n\n<h2 class=\"wp-block-heading\">Danke!<\/h2>\n\n\n\n<p>Wir bedanken uns herzlich bei allen Eltern, Freunden und Bekannten,  die uns immer wieder mit unterst\u00fctzen! <\/p>\n","protected":false},"excerpt":{"rendered":"<p>Gemeinsam k\u00f6nnen wir viel f\u00fcr unsere Schule erreichen! Mit unserer Arbeit wollen wir das Leben und Lernen an der Grundschule und Gymnasium unterst\u00fctzen und bereichern. Wir akquirieren Mittel- und Sachspenden, koordinieren Arbeitseins\u00e4tze, begleiten gemeinsam mit der Schule Veranstaltungen und die j\u00e4hrlichen H\u00f6hepunkte: z.B. das Sommerfest, das Herbstfest mit dem Spendenlauf und den Weihnachtsmarkt. Wer hat &hellip; <a href=\"https:\/\/bundtestifte.de\/?page_id=109\" class=\"more-link\"><span class=\"screen-reader-text\">\u00dcber uns<\/span> weiterlesen<\/a><\/p>\n","protected":false},"author":1,"featured_media":0,"parent":0,"menu_order":0,"comment_status":"closed","ping_status":"closed","template":"","meta":{"footnotes":""},"class_list":["post-109","page","type-page","status-publish","hentry"],"_links":{"self":[{"href":"https:\/\/bundtestifte.de\/index.php?rest_route=\/wp\/v2\/pages\/109","targetHints":{"allow":["GET"]}}],"collection":[{"href":"https:\/\/bundtestifte.de\/index.php?rest_route=\/wp\/v2\/pages"}],"about":[{"href":"https:\/\/bundtestifte.de\/index.php?rest_route=\/wp\/v2\/types\/page"}],"author":[{"embeddable":true,"href":"https:\/\/bundtestifte.de\/index.php?rest_route=\/wp\/v2\/users\/1"}],"replies":[{"embeddable":true,"href":"https:\/\/bundtestifte.de\/index.php?rest_route=%2Fwp%2Fv2%2Fcomments&post=109"}],"version-history":[{"count":3,"href":"https:\/\/bundtestifte.de\/index.php?rest_route=\/wp\/v2\/pages\/109\/revisions"}],"predecessor-version":[{"id":244,"href":"https:\/\/bundtestifte.de\/index.php?rest_route=\/wp\/v2\/pages\/109\/revisions\/244"}],"wp:attachment":[{"href":"https:\/\/bundtestifte.de\/index.php?rest_route=%2Fwp%2Fv2%2Fmedia&parent=109"}],"curies":[{"name":"wp","href":"https:\/\/api.w.org\/{rel}","templated":true}]}}