{"id":28,"date":"2017-05-21T18:18:11","date_gmt":"2017-05-21T18:18:11","guid":{"rendered":"http:\/\/bundtestifte.de\/?page_id=28"},"modified":"2017-05-21T18:19:54","modified_gmt":"2017-05-21T18:19:54","slug":"spenden","status":"publish","type":"page","link":"https:\/\/bundtestifte.de\/?page_id=28","title":{"rendered":"Spenden"},"content":{"rendered":"<p>Um etwas ver\u00e4ndern zu k\u00f6nnen, sind wir auf Spenden angewiesen. Eine entsprechende Spendenquittung stellen wir gern aus. Hierzu gen\u00fcgt eine Email an: <a href=\"mailto:info@bundtestifte.de\">info@bundtestifte.de<\/a>.<\/p>\n<h3>Kontoverbindung<\/h3>\n<p>Bank: Sparkasse M\u00e4rkisch Oderland<\/p>\n<p>IBAN: DE44 1705 4040 0020 0244 95<\/p>\n<p>BIC: WELADED1MOL<\/p>\n","protected":false},"excerpt":{"rendered":"<p>Um etwas ver\u00e4ndern zu k\u00f6nnen, sind wir auf Spenden angewiesen. Eine entsprechende Spendenquittung stellen wir gern aus. Hierzu gen\u00fcgt eine Email an: info@bundtestifte.de. Kontoverbindung Bank: Sparkasse M\u00e4rkisch Oderland IBAN: DE44 1705 4040 0020 0244 95 BIC: WELADED1MOL<\/p>\n","protected":false},"author":1,"featured_media":0,"parent":0,"menu_order":0,"comment_status":"closed","ping_status":"closed","template":"","meta":{"footnotes":""},"class_list":["post-28","page","type-page","status-publish","hentry"],"_links":{"self":[{"href":"https:\/\/bundtestifte.de\/index.php?rest_route=\/wp\/v2\/pages\/28","targetHints":{"allow":["GET"]}}],"collection":[{"href":"https:\/\/bundtestifte.de\/index.php?rest_route=\/wp\/v2\/pages"}],"about":[{"href":"https:\/\/bundtestifte.de\/index.php?rest_route=\/wp\/v2\/types\/page"}],"author":[{"embeddable":true,"href":"https:\/\/bundtestifte.de\/index.php?rest_route=\/wp\/v2\/users\/1"}],"replies":[{"embeddable":true,"href":"https:\/\/bundtestifte.de\/index.php?rest_route=%2Fwp%2Fv2%2Fcomments&post=28"}],"version-history":[{"count":2,"href":"https:\/\/bundtestifte.de\/index.php?rest_route=\/wp\/v2\/pages\/28\/revisions"}],"predecessor-version":[{"id":32,"href":"https:\/\/bundtestifte.de\/index.php?rest_route=\/wp\/v2\/pages\/28\/revisions\/32"}],"wp:attachment":[{"href":"https:\/\/bundtestifte.de\/index.php?rest_route=%2Fwp%2Fv2%2Fmedia&parent=28"}],"curies":[{"name":"wp","href":"https:\/\/api.w.org\/{rel}","templated":true}]}}